{"id":3431,"date":"2024-09-24T14:24:34","date_gmt":"2024-09-24T14:24:34","guid":{"rendered":"https:\/\/casaarteser.com\/?post_type=product&#038;p=3431"},"modified":"2025-11-19T17:22:52","modified_gmt":"2025-11-19T17:22:52","slug":"kit-cartas-de-resiliencia","status":"publish","type":"product","link":"https:\/\/casaarteser.com\/en\/product\/kit-cartas-de-resiliencia\/","title":{"rendered":"Baraja SoulRoots: Kit Resiliencia y Salud Mental"},"content":{"rendered":"<p>Juego de cartas dise\u00f1ado para iniciar un viaje de descubrimiento interior y apoyar procesos de resiliencia, a traves del arte y la psicoterapia.<\/p>\n<p>Baraja de 50 tarjetas con obras art\u00edsticas (luz y sombra), dados de actividades y guia de salud mental:<\/p>\n<p>Ejes:<\/p>\n<p>Neurociencia<\/p>\n<p>Psicolog\u00eda cl\u00ednica y transpersonal<\/p>","protected":false},"excerpt":{"rendered":"<p>Instrumento terap\u00e9utico dise\u00f1ado para iniciar un viaje de descubrimiento interior y apoyar procesos de resiliencia, a trav\u00e9s del arte y la psicolog\u00eda hol\u00edstica. <a href=\"https:\/\/drive.google.com\/file\/d\/1H85PGaOEsvq8OIBtGedkglnSfcJHN5v2\/view?usp=sharing\" target=\"_blank\" rel=\"noopener\">CONOCE M\u00c1S SOBRE LAS CARTAS DE RESILIENCIA<\/a><\/p>","protected":false},"featured_media":6045,"template":"","meta":{"site-sidebar-layout":"default","site-content-layout":"","ast-site-content-layout":"default","site-content-style":"default","site-sidebar-style":"default","ast-global-header-display":"","ast-banner-title-visibility":"","ast-main-header-display":"","ast-hfb-above-header-display":"","ast-hfb-below-header-display":"","ast-hfb-mobile-header-display":"","site-post-title":"","ast-breadcrumbs-content":"","ast-featured-img":"","footer-sml-layout":"","ast-disable-related-posts":"","theme-transparent-header-meta":"default","adv-header-id-meta":"","stick-header-meta":"","header-above-stick-meta":"","header-main-stick-meta":"","header-below-stick-meta":"","astra-migrate-meta-layouts":"set","ast-page-background-enabled":"default","ast-page-background-meta":{"desktop":{"background-color":"var(--ast-global-color-5)","background-image":"","background-repeat":"repeat","background-position":"center center","background-size":"auto","background-attachment":"scroll","background-type":"","background-media":"","overlay-type":"","overlay-color":"","overlay-opacity":"","overlay-gradient":""},"tablet":{"background-color":"","background-image":"","background-repeat":"repeat","background-position":"center center","background-size":"auto","background-attachment":"scroll","background-type":"","background-media":"","overlay-type":"","overlay-color":"","overlay-opacity":"","overlay-gradient":""},"mobile":{"background-color":"","background-image":"","background-repeat":"repeat","background-position":"center center","background-size":"auto","background-attachment":"scroll","background-type":"","background-media":"","overlay-type":"","overlay-color":"","overlay-opacity":"","overlay-gradient":""}},"ast-content-background-meta":{"desktop":{"background-color":"var(--ast-global-color-4)","background-image":"","background-repeat":"repeat","background-position":"center center","background-size":"auto","background-attachment":"scroll","background-type":"","background-media":"","overlay-type":"","overlay-color":"","overlay-opacity":"","overlay-gradient":""},"tablet":{"background-color":"var(--ast-global-color-4)","background-image":"","background-repeat":"repeat","background-position":"center center","background-size":"auto","background-attachment":"scroll","background-type":"","background-media":"","overlay-type":"","overlay-color":"","overlay-opacity":"","overlay-gradient":""},"mobile":{"background-color":"var(--ast-global-color-4)","background-image":"","background-repeat":"repeat","background-position":"center center","background-size":"auto","background-attachment":"scroll","background-type":"","background-media":"","overlay-type":"","overlay-color":"","overlay-opacity":"","overlay-gradient":""}}},"product_brand":[],"product_cat":[36],"product_tag":[],"class_list":{"0":"post-3431","1":"product","2":"type-product","3":"status-publish","4":"has-post-thumbnail","6":"product_cat-psicoeducacion-y-desarrollo-personal","7":"desktop-align-left","8":"tablet-align-left","9":"mobile-align-left","11":"first","12":"instock","13":"shipping-taxable","14":"purchasable","15":"product-type-simple"},"_links":{"self":[{"href":"https:\/\/casaarteser.com\/en\/wp-json\/wp\/v2\/product\/3431","targetHints":{"allow":["GET"]}}],"collection":[{"href":"https:\/\/casaarteser.com\/en\/wp-json\/wp\/v2\/product"}],"about":[{"href":"https:\/\/casaarteser.com\/en\/wp-json\/wp\/v2\/types\/product"}],"wp:featuredmedia":[{"embeddable":true,"href":"https:\/\/casaarteser.com\/en\/wp-json\/wp\/v2\/media\/6045"}],"wp:attachment":[{"href":"https:\/\/casaarteser.com\/en\/wp-json\/wp\/v2\/media?parent=3431"}],"wp:term":[{"taxonomy":"product_brand","embeddable":true,"href":"https:\/\/casaarteser.com\/en\/wp-json\/wp\/v2\/product_brand?post=3431"},{"taxonomy":"product_cat","embeddable":true,"href":"https:\/\/casaarteser.com\/en\/wp-json\/wp\/v2\/product_cat?post=3431"},{"taxonomy":"product_tag","embeddable":true,"href":"https:\/\/casaarteser.com\/en\/wp-json\/wp\/v2\/product_tag?post=3431"}],"curies":[{"name":"wp","href":"https:\/\/api.w.org\/{rel}","templated":true}]}}