{"id":6055,"date":"2026-04-01T00:07:27","date_gmt":"2026-04-01T00:07:27","guid":{"rendered":"https:\/\/casaarteser.com\/product\/revolucion-solar-2\/"},"modified":"2026-04-01T00:07:28","modified_gmt":"2026-04-01T00:07:28","slug":"revolucion-solar-2","status":"publish","type":"product","link":"https:\/\/casaarteser.com\/en\/product\/revolucion-solar-2\/","title":{"rendered":"Revoluci\u00f3n solar"},"content":{"rendered":"<p>Revoluci\u00f3n Solar \u2013 Acompa\u00f1amiento Integrativo<\/p>\n<p>Cada a\u00f1o, en tu cumplea\u00f1os, se abre un nuevo ciclo.<\/p>\n<p>No es solo una fecha: es un inicio que determina los aprendizajes, desaf\u00edos y oportunidades que acompa\u00f1ar\u00e1n tu proceso durante el a\u00f1o.<\/p>\n<p>En CASA ARTESER, abordamos la Revoluci\u00f3n Solar como un mapa de autoconocimiento, integrando psicolog\u00eda y lectura simb\u00f3lica (astrolog\u00eda y arquetipos), para ayudarte a comprender lo que est\u00e1s viviendo y tomar decisiones con mayor claridad.<\/p>\n<p>\u2728 \u00bfPara qu\u00e9 sirve?<\/p>\n<p>\u2014 Entender el momento vital en el que est\u00e1s<\/p>\n<p>\u2014 Dar sentido a lo que est\u00e1s atravesando<\/p>\n<p>\u2014 Identificar oportunidades de crecimiento<\/p>\n<p>\u2014 Tomar decisiones m\u00e1s conscientes y alineadas<\/p>\n<p>Si est\u00e1s en un momento de cambio, b\u00fasqueda o transici\u00f3n, este proceso puede acompa\u00f1arte a darle direcci\u00f3n y sentido a tu nuevo ciclo.<\/p>","protected":false},"excerpt":{"rendered":"<p>Revoluci\u00f3n Solar \u2013 Acompa\u00f1amiento Integrativo Cada a\u00f1o, en tu cumplea\u00f1os, se abre un nuevo ciclo. No es solo una fecha: es un inicio que determina los aprendizajes, desaf\u00edos y oportunidades que acompa\u00f1ar\u00e1n tu proceso durante el a\u00f1o. En CASA ARTESER, abordamos la Revoluci\u00f3n Solar como un mapa de autoconocimiento, integrando psicolog\u00eda y lectura simb\u00f3lica (astrolog\u00eda [&hellip;]<\/p>","protected":false},"featured_media":6054,"template":"","meta":{"site-sidebar-layout":"default","site-content-layout":"","ast-site-content-layout":"default","site-content-style":"default","site-sidebar-style":"default","ast-global-header-display":"","ast-banner-title-visibility":"","ast-main-header-display":"","ast-hfb-above-header-display":"","ast-hfb-below-header-display":"","ast-hfb-mobile-header-display":"","site-post-title":"","ast-breadcrumbs-content":"","ast-featured-img":"","footer-sml-layout":"","ast-disable-related-posts":"","theme-transparent-header-meta":"","adv-header-id-meta":"","stick-header-meta":"","header-above-stick-meta":"","header-main-stick-meta":"","header-below-stick-meta":"","astra-migrate-meta-layouts":"default","ast-page-background-enabled":"default","ast-page-background-meta":{"desktop":{"background-color":"var(--ast-global-color-5)","background-image":"","background-repeat":"repeat","background-position":"center center","background-size":"auto","background-attachment":"scroll","background-type":"","background-media":"","overlay-type":"","overlay-color":"","overlay-opacity":"","overlay-gradient":""},"tablet":{"background-color":"","background-image":"","background-repeat":"repeat","background-position":"center center","background-size":"auto","background-attachment":"scroll","background-type":"","background-media":"","overlay-type":"","overlay-color":"","overlay-opacity":"","overlay-gradient":""},"mobile":{"background-color":"","background-image":"","background-repeat":"repeat","background-position":"center center","background-size":"auto","background-attachment":"scroll","background-type":"","background-media":"","overlay-type":"","overlay-color":"","overlay-opacity":"","overlay-gradient":""}},"ast-content-background-meta":{"desktop":{"background-color":"var(--ast-global-color-4)","background-image":"","background-repeat":"repeat","background-position":"center center","background-size":"auto","background-attachment":"scroll","background-type":"","background-media":"","overlay-type":"","overlay-color":"","overlay-opacity":"","overlay-gradient":""},"tablet":{"background-color":"var(--ast-global-color-4)","background-image":"","background-repeat":"repeat","background-position":"center center","background-size":"auto","background-attachment":"scroll","background-type":"","background-media":"","overlay-type":"","overlay-color":"","overlay-opacity":"","overlay-gradient":""},"mobile":{"background-color":"var(--ast-global-color-4)","background-image":"","background-repeat":"repeat","background-position":"center center","background-size":"auto","background-attachment":"scroll","background-type":"","background-media":"","overlay-type":"","overlay-color":"","overlay-opacity":"","overlay-gradient":""}}},"product_brand":[],"product_cat":[15],"product_tag":[],"class_list":{"0":"post-6055","1":"product","2":"type-product","3":"status-publish","4":"has-post-thumbnail","6":"product_cat-sin-categoria","7":"desktop-align-left","8":"tablet-align-left","9":"mobile-align-left","11":"first","12":"instock","13":"virtual","14":"purchasable","15":"product-type-simple"},"_links":{"self":[{"href":"https:\/\/casaarteser.com\/en\/wp-json\/wp\/v2\/product\/6055","targetHints":{"allow":["GET"]}}],"collection":[{"href":"https:\/\/casaarteser.com\/en\/wp-json\/wp\/v2\/product"}],"about":[{"href":"https:\/\/casaarteser.com\/en\/wp-json\/wp\/v2\/types\/product"}],"wp:featuredmedia":[{"embeddable":true,"href":"https:\/\/casaarteser.com\/en\/wp-json\/wp\/v2\/media\/6054"}],"wp:attachment":[{"href":"https:\/\/casaarteser.com\/en\/wp-json\/wp\/v2\/media?parent=6055"}],"wp:term":[{"taxonomy":"product_brand","embeddable":true,"href":"https:\/\/casaarteser.com\/en\/wp-json\/wp\/v2\/product_brand?post=6055"},{"taxonomy":"product_cat","embeddable":true,"href":"https:\/\/casaarteser.com\/en\/wp-json\/wp\/v2\/product_cat?post=6055"},{"taxonomy":"product_tag","embeddable":true,"href":"https:\/\/casaarteser.com\/en\/wp-json\/wp\/v2\/product_tag?post=6055"}],"curies":[{"name":"wp","href":"https:\/\/api.w.org\/{rel}","templated":true}]}}